{"id":92,"date":"2011-12-13T09:33:12","date_gmt":"2011-12-13T08:33:12","guid":{"rendered":"https:\/\/www.digitaldocument.it\/?page_id=92"},"modified":"2013-11-21T18:39:14","modified_gmt":"2013-11-21T17:39:14","slug":"ddm-2","status":"publish","type":"page","link":"https:\/\/www.digitaldocument.it\/index.php\/ddm-2\/","title":{"rendered":"DDm"},"content":{"rendered":"<p>DDm (Digital Document Magazine) \u00e8 un progetto editoriale multi-piattaforma che eroga attraverso diversi canali, sia online sia offline, notizie, informazioni e approfondimenti sull\u2019industria della stampa, digitale e offset, e della gestione documentale.<\/p>\n<p>La piattaforma DDm \u00e8 l\u2019interpretazione che l\u2019editore 4IT Group ha voluto dare agli importanti cambiamenti che negli ultimi tempi hanno coinvolto le dinamiche di comunicazione ed editoriali e che hanno imposto un <strong>nuovo linguaggio dell\u2019informazione<\/strong> e una <strong>diversa organizzazione e distribuzione dei contenuti<\/strong>. Sempre pi\u00f9 informazione significa condivisione, mobilit\u00e0 e multicanalit\u00e0, perch\u00e9 la fruizione sia fluida e puntuale.<\/p>\n<p>I protagonisti di questo progetto sono <strong>il portale www.digitaldocument.it<\/strong>, la APP <strong>4News<\/strong>, la <strong>rivista cartacea<\/strong> e quella sfogliabile <strong>in formato elettronico<\/strong>.<\/p>\n<p><strong>Il portale<\/strong> www.digitaldocument.it garantisce una copertura quotidiana di tutte le principali notizie del giorno, articolandole in cinque grandi categorie intorno a cui si sviluppa il mercato osservato e nel quale \u00e8 attivo l\u2019Editore 4IT Group: document management, green, postal&amp;mail, printing e direct marketing.<\/p>\n<p>Il portale oltre ad avere uno scopo informativo e divulgativo permette l\u2019interazione con il lettore e il dialogo costante con gli esponenti del mercato e i clienti che utilizzano le tecnologie.<\/p>\n<p>Con una simile organizzazione, le informazioni sono distribuite anche con <strong>la APP gratuita per iPad, 4News<\/strong>: il canale di comunicazione mobile di DDm. News, interviste, video a portata di tablet per essere sempre aggiornati su quanto succede.<\/p>\n<p>Con cadenza bimestrale DDm raggiunge i lettori <strong>nella forma di rivista cartacea<\/strong>, dove dati, tendenze, esperienze e prospettive del mercato nazionale e internazionale sono approfondite oltre la contemporaneit\u00e0 delle news, con un approccio anche monografico oltre che giornalistico.<\/p>\n<p>Infine, <strong>la rivista \u00e8 fruibile online, nella versione sfogliabile<\/strong>, per chi non ha pazienza di aspettare la sua copia sulla scrivania o per chi apprezza anche i contenuti multimediali che questo supporto di lettura permette.<\/p>\n<p><strong>LE CINQUE AREE<\/strong><\/p>\n<p><strong>Printing<\/strong><br \/>\nTutto ci\u00f2 che fa stampa ! Le tendenze di mercato nella stampa commerciale, in quella editoriale e in quella transazionale. In modo cross tra le tecnologie di stampa offset o digitale, con particolare riguardo alle soluzioni di nobilitazione degli stampati, del finishing, e del modello organizzativo e di commercializzazione.<br \/>\nL&#8217;integrazione di hardware e software nella stampa di produzione per i diversi settori verticali del mercato, l\u2019integrazione tra le diverse tecnologie, le applicazioni nel mercato della business communication.<br \/>\nTra gli argomenti pi\u00f9 specifici: editoria digitale, dall bollettazione alla posta intelligente, Automated Document Factory, applicazioni per labelling e packaging, il trattamento dei database per la comunicazione one-to-one, finishing, postalizzazione.<br \/>\nIl printing nelle applicazioni wide format e per la visual graphic. Dalle tecnologie serigrafiche alle digitali ultra wide format.<\/p>\n<p><strong>Document Management<\/strong><br \/>\nLe fasi della gestione del ciclo di vita del documento e la valenza dell&#8217;Information Lifecycle Management.<br \/>\nLe novit\u00e0 in tema di gestione dei documenti amministrativi, dalla fatturazione elettronica alla conservazione sostitutiva, dalla posta certificata alle misure di sicurezza imposte dalla normativa<br \/>\nLe soluzioni pratiche per controllare i costi di gestione e aumentare il ROI.<br \/>\nLa Stampa e la gestione del documento nell&#8217;ambiente d\u2019ufficio. Prodotti e soluzioni per rendere pi\u00f9 efficace il trattamento dei documenti e delle stampe, nuove piattaforme, l\u2019uso pervasivo del colore. Il Managed Print Service e l\u2019ottimizzazione dei processi di stampa aziendale.<br \/>\nI ruoli dei canali office e informatico, l&#8217;evoluzione degli operatori da fornitori di apparecchiature a solution provider.<\/p>\n<p><strong>Direct Marketing<\/strong><br \/>\nLa comunicazione diretta nelle sue diverse sfaccettature e nell\u2019ambito del media-mix, la personalizzazione, il direct mail, il ruolo della carta nelle campagne cross-channel, le applicazioni di transpromo, la comunicazione multi canale, i social media, la privacy e le norme per le comunicazioni off-line e on-line<\/p>\n<p><strong>Postal &amp; Mail<\/strong><br \/>\nIl tema postale visto dal punto di vista della industria del printing e della gestione documentale. L\u2019evoluzione del processo di liberalizzazione, i nuovi servizi degli operatori postali per la comunicazione diretta, l\u2019accesso da parte degli operatori ai servizi postali nel mercato della Posta Massiva.<br \/>\nLa convergenza delle comunicazioni elettroniche e cartacee, l\u2019e-substitution e la e-integration.<br \/>\nLe soluzioni hardware e software per i servizi di stampa, imbustamento e delivery postale.<\/p>\n<p><strong>Green<\/strong><br \/>\nLe problematiche di sviluppo sostenibile ed ambientale applicate all\u2019industria della stampa di produzione e per la gestione delle stampe distribuite d\u2019ufficio. Le carte e i supporti ecosostenibili nelle applicazioni per la grafica ed il visual. Il risparmio energetico e le tematiche del Green Public Procurement.<\/p>\n","protected":false},"excerpt":{"rendered":"<p>DDm (Digital Document Magazine) \u00e8 un progetto editoriale multi-piattaforma che eroga attraverso diversi canali, sia online sia offline, notizie, informazioni e approfondimenti sull\u2019industria della stampa, digitale e offset, e della&hellip; <span class=\"read-more-span\"><a href=\"https:\/\/www.digitaldocument.it\/index.php\/ddm-2\/\" class=\"more-link\">Continua a leggere<span class=\"screen-reader-text\"> &#8220;DDm&#8221;<\/span> <span class=\"genericon genericon-next\" aria-hidden=\"true\"><\/span><\/a><\/span><\/p>\n","protected":false},"author":9,"featured_media":0,"parent":0,"menu_order":0,"comment_status":"closed","ping_status":"closed","template":"","meta":{"footnotes":""},"class_list":["post-92","page","type-page","status-publish","hentry"],"_links":{"self":[{"href":"https:\/\/www.digitaldocument.it\/index.php\/wp-json\/wp\/v2\/pages\/92","targetHints":{"allow":["GET"]}}],"collection":[{"href":"https:\/\/www.digitaldocument.it\/index.php\/wp-json\/wp\/v2\/pages"}],"about":[{"href":"https:\/\/www.digitaldocument.it\/index.php\/wp-json\/wp\/v2\/types\/page"}],"author":[{"embeddable":true,"href":"https:\/\/www.digitaldocument.it\/index.php\/wp-json\/wp\/v2\/users\/9"}],"replies":[{"embeddable":true,"href":"https:\/\/www.digitaldocument.it\/index.php\/wp-json\/wp\/v2\/comments?post=92"}],"version-history":[{"count":0,"href":"https:\/\/www.digitaldocument.it\/index.php\/wp-json\/wp\/v2\/pages\/92\/revisions"}],"wp:attachment":[{"href":"https:\/\/www.digitaldocument.it\/index.php\/wp-json\/wp\/v2\/media?parent=92"}],"curies":[{"name":"wp","href":"https:\/\/api.w.org\/{rel}","templated":true}]}}