{"id":13649,"date":"2014-02-10T10:37:43","date_gmt":"2014-02-10T09:37:43","guid":{"rendered":"https:\/\/www.digitaldocument.it\/?page_id=13649"},"modified":"2014-02-11T10:20:27","modified_gmt":"2014-02-11T09:20:27","slug":"il-label-nel-segno-della-sostenibilita-e-del-contenimento-dei-costi","status":"publish","type":"page","link":"https:\/\/www.digitaldocument.it\/index.php\/lavedovella-2013\/il-label-nel-segno-della-sostenibilita-e-del-contenimento-dei-costi\/","title":{"rendered":"Il label nel segno della sostenibilit\u00e0 e del contenimento dei costi"},"content":{"rendered":"<p style=\"text-align: center;\"><a href=\"https:\/\/www.digitaldocument.it\/wp-content\/uploads\/2014\/02\/upm.jpg\"><img loading=\"lazy\" decoding=\"async\" class=\"aligncenter  wp-image-13650\" alt=\"upm\" src=\"https:\/\/www.digitaldocument.it\/wp-content\/uploads\/2014\/02\/upm.jpg\" width=\"784\" height=\"273\" srcset=\"https:\/\/www.digitaldocument.it\/wp-content\/uploads\/2014\/02\/upm.jpg 980w, https:\/\/www.digitaldocument.it\/wp-content\/uploads\/2014\/02\/upm-300x104.jpg 300w\" sizes=\"auto, (max-width: 784px) 100vw, 784px\" \/><\/a><\/p>\n<p style=\"text-align: left;\"><a href=\"https:\/\/www.digitaldocument.it\/wp-content\/uploads\/2014\/02\/Flavio-Aragozzini.jpg\"><img loading=\"lazy\" decoding=\"async\" class=\"size-full wp-image-13651 alignleft\" style=\"margin-left: 5px; margin-right: 5px;\" alt=\"Flavio Aragozzini\" src=\"https:\/\/www.digitaldocument.it\/wp-content\/uploads\/2014\/02\/Flavio-Aragozzini.jpg\" width=\"299\" height=\"335\" srcset=\"https:\/\/www.digitaldocument.it\/wp-content\/uploads\/2014\/02\/Flavio-Aragozzini.jpg 299w, https:\/\/www.digitaldocument.it\/wp-content\/uploads\/2014\/02\/Flavio-Aragozzini-267x300.jpg 267w\" sizes=\"auto, (max-width: 299px) 100vw, 299px\" \/><\/a>Intervista a <strong>Flavio Aragozzini<\/strong>, Sales Manager di <strong>UPM Raflatac<\/strong>, sulle prospettive del settore del labelling e sulle mosse che l&#8217;azienda sta compiendo per essere sempre competitiva.<\/p>\n<p><strong>La Vedovella 2013 \u00e8 stato un evento di successo indiscusso. Come sponsor della Categoria Label printer che considerazioni si sente di fare relativamente al premio, al settore e alle prospettive future per il settore?<\/strong><\/p>\n<p>La Vedovella \u00e8 sicuramente un evento che ha acquisito valore e grandi prospettive nelle ultime due edizioni. UPM-Raflatac ha scelto di sponsorizzarlo proprio per questa ragione. Inoltre ci tengo a sottolineare che sia nel 2012 che nel 2013 si \u00e8 dato ampio spazio a nuove tematiche, come ad esempio quella della sostenibilit\u00e0, cui noi siamo molto legati. Relativamente al settore di nostra competenza posso dire che attualmente il settore dell\u2019autoadesivo \u00e8 in crescita costante. Certo, negli ultimi anni ha sofferto la crisi generale, ma molto meno di altri comparti, e noi stiamo investendo energie e risorse umane proprio perch\u00e9 crediamo molto nel settore.<\/p>\n<p><strong>UPM che tipo di prodotti offre al mercato nel settore del Label?<i> <\/i><\/strong><\/p>\n<p>Premetto che una parte importante dei nostri investimenti, oggi, \u00e8 riservata alla ricerca ed all\u2019innovazione in questo comparto. Vi sono grandi prospettive se per\u00f2 affiancato da due concetti fondamentali: quello della sostenibilit\u00e0 e quello del contenimento dei costi. Cosa vuol dire? Vuol dire che durante la fase di ricerca e sviluppo bisogna essere in grado di trovare materiali funzionali, che diano vantaggi tecnologici e che siano sostenibili. E non \u00e8 facile. I materiali autoadesivi di UPM Raflatac sono stati progettati per rispondere alle sempre pi\u00f9 impegnative applicazioni in un&#8217;ampia gamma di usi, dall&#8217;etichettatura dei prodotti per la cura del corpo e per la pulizia della casa, all&#8217;etichettatura dei prodotti dell&#8217;industria alimentare e farmaceutica. Ogni prodotto \u00e8 stato sviluppato con cura per offrire stampabilit\u00e0 e funzionalit\u00e0\u00a0 ai trasformatori ed agli utilizzatori di etichette. UPM Raflatac sta lavorando alla rivisitazione dei prodotti convenzionali proponendo la nuova GAMMA FIT che annovera frontali e supporti siliconati con grammature e spessori pi\u00f9 contenuti: l\u2019obiettivo finale infatti \u00e8 quello di coniugare funzionalit\u00e0 e sostenibilit\u00e0 a prezzi competitivi.<\/p>\n<p><strong>Ci pu\u00f2 elencare le parole chiave che devono contraddistinguere il label oggi? \u00a0<\/strong><\/p>\n<p>SOSTENIBILITA\u2019\u2013 RICERCA \u2013 AFFIDABILITA\u2019 \u2013 FUNZIONALITA\u2019 \u2013 OPERATIVITA\u2019<\/p>\n<p><em><a href=\"http:\/\/www.upmraflatac.com\">www.upmraflatac.com<\/a><\/em><\/p>\n<p><a href=\"https:\/\/www.digitaldocument.it\/index.php\/lavedovella-2013\/\">&gt;&gt;torna alla pagina principale<\/a><\/p>\n","protected":false},"excerpt":{"rendered":"<p>Intervista a Flavio Aragozzini, Sales Manager di UPM Raflatac, sulle prospettive del settore del labelling e sulle mosse che l&#8217;azienda sta compiendo per essere sempre competitiva. La Vedovella 2013 \u00e8&hellip; <span class=\"read-more-span\"><a href=\"https:\/\/www.digitaldocument.it\/index.php\/lavedovella-2013\/il-label-nel-segno-della-sostenibilita-e-del-contenimento-dei-costi\/\" class=\"more-link\">Continua a leggere<span class=\"screen-reader-text\"> &#8220;Il label nel segno della sostenibilit\u00e0 e del contenimento dei costi&#8221;<\/span> <span class=\"genericon genericon-next\" aria-hidden=\"true\"><\/span><\/a><\/span><\/p>\n","protected":false},"author":9,"featured_media":0,"parent":13092,"menu_order":0,"comment_status":"open","ping_status":"closed","template":"","meta":{"footnotes":""},"class_list":["post-13649","page","type-page","status-publish","hentry"],"_links":{"self":[{"href":"https:\/\/www.digitaldocument.it\/index.php\/wp-json\/wp\/v2\/pages\/13649","targetHints":{"allow":["GET"]}}],"collection":[{"href":"https:\/\/www.digitaldocument.it\/index.php\/wp-json\/wp\/v2\/pages"}],"about":[{"href":"https:\/\/www.digitaldocument.it\/index.php\/wp-json\/wp\/v2\/types\/page"}],"author":[{"embeddable":true,"href":"https:\/\/www.digitaldocument.it\/index.php\/wp-json\/wp\/v2\/users\/9"}],"replies":[{"embeddable":true,"href":"https:\/\/www.digitaldocument.it\/index.php\/wp-json\/wp\/v2\/comments?post=13649"}],"version-history":[{"count":0,"href":"https:\/\/www.digitaldocument.it\/index.php\/wp-json\/wp\/v2\/pages\/13649\/revisions"}],"up":[{"embeddable":true,"href":"https:\/\/www.digitaldocument.it\/index.php\/wp-json\/wp\/v2\/pages\/13092"}],"wp:attachment":[{"href":"https:\/\/www.digitaldocument.it\/index.php\/wp-json\/wp\/v2\/media?parent=13649"}],"curies":[{"name":"wp","href":"https:\/\/api.w.org\/{rel}","templated":true}]}}