{"id":13645,"date":"2014-02-10T10:31:01","date_gmt":"2014-02-10T09:31:01","guid":{"rendered":"https:\/\/www.digitaldocument.it\/?page_id=13645"},"modified":"2014-02-11T12:30:25","modified_gmt":"2014-02-11T11:30:25","slug":"la-carta-da-giocare-e-quella-dellinnovazione","status":"publish","type":"page","link":"https:\/\/www.digitaldocument.it\/index.php\/lavedovella-2013\/la-carta-da-giocare-e-quella-dellinnovazione\/","title":{"rendered":"La carta da giocare \u00e8 quella dell&#8217;innovazione"},"content":{"rendered":"<p style=\"text-align: center;\"><a href=\"https:\/\/www.digitaldocument.it\/wp-content\/uploads\/2014\/02\/cordenons.jpg\"><img loading=\"lazy\" decoding=\"async\" class=\"aligncenter  wp-image-13647\" alt=\"cordenons\" src=\"https:\/\/www.digitaldocument.it\/wp-content\/uploads\/2014\/02\/cordenons.jpg\" width=\"784\" height=\"273\" srcset=\"https:\/\/www.digitaldocument.it\/wp-content\/uploads\/2014\/02\/cordenons.jpg 980w, https:\/\/www.digitaldocument.it\/wp-content\/uploads\/2014\/02\/cordenons-300x104.jpg 300w\" sizes=\"auto, (max-width: 784px) 100vw, 784px\" \/><\/a><\/p>\n<p><img loading=\"lazy\" decoding=\"async\" class=\"size-full wp-image-13646 alignleft\" style=\"margin-left: 5px; margin-right: 5px;\" alt=\"Matteo Suardi\" src=\"https:\/\/www.digitaldocument.it\/wp-content\/uploads\/2014\/02\/Matteo-Suardi.jpg\" width=\"299\" height=\"335\" srcset=\"https:\/\/www.digitaldocument.it\/wp-content\/uploads\/2014\/02\/Matteo-Suardi.jpg 299w, https:\/\/www.digitaldocument.it\/wp-content\/uploads\/2014\/02\/Matteo-Suardi-267x300.jpg 267w\" sizes=\"auto, (max-width: 299px) 100vw, 299px\" \/>Intervista a <strong>Matteo Suardi<\/strong>, Direttore Vendite Italia di <strong>Cordenons<\/strong>, sul valore dell&#8217;innovazione nel mercato di oggi.<\/p>\n<p><strong>La Vedovella 2013 \u00e8 stato un evento di successo indiscusso. Come sponsor della Categoria Best Nobilitazioni che considerazioni si sente di fare relativamente al premio, al settore e alle prospettive future per il settore?<\/strong><\/p>\n<p>L\u2019evento La Vedovella \u00e8 stato sicuramente un momento positivo per il comparto: questo perch\u00e9 la manifestazione rappresenta uno stimolo per tutte le aziende che vengono coinvolte e spronate ad emergere, avendo inoltre la possibilit\u00e0 di dare visibilit\u00e0 ai loro successi e peculiarit\u00e0. Per quanto riguarda il settore e le prospettive credo che in questo momento le aziende che riusciranno ad emergere saranno quelle pi\u00f9 correttamente gestite e che riusciranno ad offrire un plus attraverso la diversificazione del loro servizio, reinventando anche quello che hanno sempre fatto. Compatibilmente con i volumi, le prospettive migliori saranno quindi per coloro che riusciranno ad esprimere al meglio, la necessit\u00e0 che il mercato richiede in questo momento.<\/p>\n<p><strong>Cordenons che tipo di prodotti offre al mercato nel settore Nobilitazione ed effetti speciali?<i> <\/i><\/strong><\/p>\n<p>Cordenons \u00e8 tra le poche in Europa e l\u2019unica cartiera in Italia che nel settore grafico, del packaging e della cartotecnica, produce prodotti speciali, sottolineo, solo prodotti speciali. Condenons ha sempre cercato e tuttora cerca di essere sempre innovativa proponendo nuovi supporti, diversi e pi\u00f9 accattivanti ogni anno. Alla luce di quello che facciamo Cordenons \u00e8 sicuramente l\u2019azienda ideale per supportare gli stampatori che vorranno distinguersi ed emergere.<\/p>\n<p><strong>Ci pu\u00f2 elencare sotto forma di TAG ( Parole chiave) come definirebbe la stampa nobilitata e i supporti oggi?<\/strong><\/p>\n<p>Credo che l\u2019insieme di questi elementi, sia il modo migliore per rappresentare oggi gli utenti che voglio emergere, dando a loro LA POSSIBILITA\u2019 DI FARSI SCEGLIERE<\/p>\n<p><em><a href=\"http:\/\/www.gruppocordenons.com\">www.gruppocordenons.com<\/a><\/em><\/p>\n<p><a href=\"https:\/\/www.digitaldocument.it\/index.php\/lavedovella-2013\/\">&gt;&gt;torna alla pagina principale<\/a><\/p>\n","protected":false},"excerpt":{"rendered":"<p>Intervista a Matteo Suardi, Direttore Vendite Italia di Cordenons, sul valore dell&#8217;innovazione nel mercato di oggi. La Vedovella 2013 \u00e8 stato un evento di successo indiscusso. Come sponsor della Categoria&hellip; <span class=\"read-more-span\"><a href=\"https:\/\/www.digitaldocument.it\/index.php\/lavedovella-2013\/la-carta-da-giocare-e-quella-dellinnovazione\/\" class=\"more-link\">Continua a leggere<span class=\"screen-reader-text\"> &#8220;La carta da giocare \u00e8 quella dell&#8217;innovazione&#8221;<\/span> <span class=\"genericon genericon-next\" aria-hidden=\"true\"><\/span><\/a><\/span><\/p>\n","protected":false},"author":9,"featured_media":0,"parent":13092,"menu_order":0,"comment_status":"open","ping_status":"closed","template":"","meta":{"footnotes":""},"class_list":["post-13645","page","type-page","status-publish","hentry"],"_links":{"self":[{"href":"https:\/\/www.digitaldocument.it\/index.php\/wp-json\/wp\/v2\/pages\/13645","targetHints":{"allow":["GET"]}}],"collection":[{"href":"https:\/\/www.digitaldocument.it\/index.php\/wp-json\/wp\/v2\/pages"}],"about":[{"href":"https:\/\/www.digitaldocument.it\/index.php\/wp-json\/wp\/v2\/types\/page"}],"author":[{"embeddable":true,"href":"https:\/\/www.digitaldocument.it\/index.php\/wp-json\/wp\/v2\/users\/9"}],"replies":[{"embeddable":true,"href":"https:\/\/www.digitaldocument.it\/index.php\/wp-json\/wp\/v2\/comments?post=13645"}],"version-history":[{"count":0,"href":"https:\/\/www.digitaldocument.it\/index.php\/wp-json\/wp\/v2\/pages\/13645\/revisions"}],"up":[{"embeddable":true,"href":"https:\/\/www.digitaldocument.it\/index.php\/wp-json\/wp\/v2\/pages\/13092"}],"wp:attachment":[{"href":"https:\/\/www.digitaldocument.it\/index.php\/wp-json\/wp\/v2\/media?parent=13645"}],"curies":[{"name":"wp","href":"https:\/\/api.w.org\/{rel}","templated":true}]}}