{"id":13420,"date":"2014-01-30T11:34:46","date_gmt":"2014-01-30T10:34:46","guid":{"rendered":"https:\/\/www.digitaldocument.it\/?page_id=13420"},"modified":"2014-01-31T14:50:20","modified_gmt":"2014-01-31T13:50:20","slug":"il-mercato-delle-arti-grafiche","status":"publish","type":"page","link":"https:\/\/www.digitaldocument.it\/index.php\/lavedovella-2013\/il-mercato-delle-arti-grafiche\/","title":{"rendered":"Il mercato delle arti grafiche"},"content":{"rendered":"<p style=\"text-align: center;\"><a href=\"https:\/\/www.digitaldocument.it\/wp-content\/uploads\/2014\/01\/arti-grafiche.jpg\"><img loading=\"lazy\" decoding=\"async\" class=\"aligncenter  wp-image-13491\" alt=\"arti grafiche\" src=\"https:\/\/www.digitaldocument.it\/wp-content\/uploads\/2014\/01\/arti-grafiche.jpg\" width=\"784\" height=\"273\" srcset=\"https:\/\/www.digitaldocument.it\/wp-content\/uploads\/2014\/01\/arti-grafiche.jpg 980w, https:\/\/www.digitaldocument.it\/wp-content\/uploads\/2014\/01\/arti-grafiche-300x104.jpg 300w\" sizes=\"auto, (max-width: 784px) 100vw, 784px\" \/><\/a><\/p>\n<p>Analizzando il mercato delle aziende grafiche in generale ci vengono in aiuto gli ultimi dati congiunturali pubblicati dalla Federazione della Filiera della Carta e della Grafica relativa al terzo e quarto trimestre 2013.<i> <\/i><\/p>\n<p>I giudizi delle <b>aziende grafiche <\/b>sul <b>terzo trimestre 2013 <\/b>sono pessimistici sul mercato interno e sul mercato estero. La domanda resta debole, sia nell\u2019area editoriale, sia in quella pubblicitaria e commerciale, per la contrazione della spesa delle famiglie, legata alla prolungata recessione economica e al notevole peso fiscale, sia per la crisi della raccolta pubblicitaria, che prosegue da oltre due anni. Rispetto al secondo trimestre 2013, il fatturato interno \u00e8 segnalato in calo dal 43% delle imprese, mentre gli ordini interni sono in diminuzione per il 50% delle aziende; su entrambi gli indicatori un\u2019impresa su due segnala stabilit\u00e0. Identiche, e negative, le aspettative su fatturato estero e ordini esteri, con un 40% di imprese pessimiste e un 60% di aziende orientate alla stabilit\u00e0. Stazionarie le attese sull\u2019occupazione in 7 imprese su 10, con solo il 14% dei casi in crescita o in calo.<\/p>\n<p>Le previsioni sul <b>quarto trimestre 2013<\/b>, seppure in un quadro ancora complesso, migliorano sul fronte nazionale, mentre restano negative sull\u2019estero. In confronto con il terzo trimestre 2013, il fatturato interno \u00e8 stimato stabile nel 65% delle aziende, in diminuzione nel 21% e allineata \u00e8 la previsione sugli ordini interni: 64% di stabilit\u00e0 e 22% di flessione. Peggiori le previsioni sull\u2019estero: il fatturato \u00e8 stimato stazionario nell\u201980% delle aziende ed in diminuzione nel restante 20%, mentre sugli ordini esteri prevalgono le aspettative di stabilit\u00e0 nel 70% dei casi e vi sono attese di flessione nel rimanente 30%. Abbastanza stabili le attese sull\u2019occupazione nel 93% dei casi, ma per contro un 7% delle imprese prevede di ridurre gli organici. Sulla base dei risultati rilevati nell\u2019indagine della <b>Federazione della Filiera della Carta e della Grafica<\/b> presso le imprese, secondo<b> Alessandro Nova <\/b>dell\u2019Universit\u00e0 Bocconi si ha una sensazione di miglioramento del clima economico generale confermata dagli aggiornamenti ufficiali sulle dinamiche di PIL e produzione industriale.<\/p>\n<p><span style=\"color: #149ccc;\"><a href=\"https:\/\/www.digitaldocument.it\/index.php\/lavedovella-2013\/\"><span style=\"color: #149ccc;\">&gt;&gt;torna alla pagina principale<\/span><\/a><\/span><\/p>\n","protected":false},"excerpt":{"rendered":"<p>Analizzando il mercato delle aziende grafiche in generale ci vengono in aiuto gli ultimi dati congiunturali pubblicati dalla Federazione della Filiera della Carta e della Grafica relativa al terzo e&hellip; <span class=\"read-more-span\"><a href=\"https:\/\/www.digitaldocument.it\/index.php\/lavedovella-2013\/il-mercato-delle-arti-grafiche\/\" class=\"more-link\">Continua a leggere<span class=\"screen-reader-text\"> &#8220;Il mercato delle arti grafiche&#8221;<\/span> <span class=\"genericon genericon-next\" aria-hidden=\"true\"><\/span><\/a><\/span><\/p>\n","protected":false},"author":9,"featured_media":0,"parent":13092,"menu_order":0,"comment_status":"open","ping_status":"closed","template":"","meta":{"footnotes":""},"class_list":["post-13420","page","type-page","status-publish","hentry"],"_links":{"self":[{"href":"https:\/\/www.digitaldocument.it\/index.php\/wp-json\/wp\/v2\/pages\/13420","targetHints":{"allow":["GET"]}}],"collection":[{"href":"https:\/\/www.digitaldocument.it\/index.php\/wp-json\/wp\/v2\/pages"}],"about":[{"href":"https:\/\/www.digitaldocument.it\/index.php\/wp-json\/wp\/v2\/types\/page"}],"author":[{"embeddable":true,"href":"https:\/\/www.digitaldocument.it\/index.php\/wp-json\/wp\/v2\/users\/9"}],"replies":[{"embeddable":true,"href":"https:\/\/www.digitaldocument.it\/index.php\/wp-json\/wp\/v2\/comments?post=13420"}],"version-history":[{"count":0,"href":"https:\/\/www.digitaldocument.it\/index.php\/wp-json\/wp\/v2\/pages\/13420\/revisions"}],"up":[{"embeddable":true,"href":"https:\/\/www.digitaldocument.it\/index.php\/wp-json\/wp\/v2\/pages\/13092"}],"wp:attachment":[{"href":"https:\/\/www.digitaldocument.it\/index.php\/wp-json\/wp\/v2\/media?parent=13420"}],"curies":[{"name":"wp","href":"https:\/\/api.w.org\/{rel}","templated":true}]}}