{"id":13414,"date":"2014-01-30T16:08:28","date_gmt":"2014-01-30T15:08:28","guid":{"rendered":"https:\/\/www.digitaldocument.it\/?page_id=13414"},"modified":"2014-02-11T10:23:12","modified_gmt":"2014-02-11T09:23:12","slug":"la-stampa-digitale-di-domani-complementare-integrativa-flessibile","status":"publish","type":"page","link":"https:\/\/www.digitaldocument.it\/index.php\/lavedovella-2013\/la-stampa-digitale-di-domani-complementare-integrativa-flessibile\/","title":{"rendered":"La stampa digitale di domani: complementare, integrativa, flessibile"},"content":{"rendered":"<p style=\"text-align: center;\"><a href=\"https:\/\/www.digitaldocument.it\/wp-content\/uploads\/2014\/01\/kodak.jpg\"><img loading=\"lazy\" decoding=\"async\" class=\"aligncenter  wp-image-13494\" alt=\"kodak\" src=\"https:\/\/www.digitaldocument.it\/wp-content\/uploads\/2014\/01\/kodak.jpg\" width=\"784\" height=\"273\" srcset=\"https:\/\/www.digitaldocument.it\/wp-content\/uploads\/2014\/01\/kodak.jpg 980w, https:\/\/www.digitaldocument.it\/wp-content\/uploads\/2014\/01\/kodak-300x104.jpg 300w\" sizes=\"auto, (max-width: 784px) 100vw, 784px\" \/><\/a><\/p>\n<p><a href=\"https:\/\/www.digitaldocument.it\/wp-content\/uploads\/2014\/01\/Alfredo-Lorenzini.jpg\"><img loading=\"lazy\" decoding=\"async\" class=\"alignleft size-full wp-image-13495\" style=\"margin-left: 5px; margin-right: 5px;\" alt=\"Alfredo Lorenzini\" src=\"https:\/\/www.digitaldocument.it\/wp-content\/uploads\/2014\/01\/Alfredo-Lorenzini.jpg\" width=\"299\" height=\"335\" srcset=\"https:\/\/www.digitaldocument.it\/wp-content\/uploads\/2014\/01\/Alfredo-Lorenzini.jpg 299w, https:\/\/www.digitaldocument.it\/wp-content\/uploads\/2014\/01\/Alfredo-Lorenzini-267x300.jpg 267w\" sizes=\"auto, (max-width: 299px) 100vw, 299px\" \/><\/a>Intervista a <strong>Alfredo Lorenzini<\/strong>, Marketing Manager Commercial Business Mediterranean Cluster di<strong> Kodak<\/strong>, sul premio e sull&#8217;andamento del mercato.<\/p>\n<p><strong>La Vedovella 2013 \u00e8 stato un evento di successo indiscusso. Come sponsor della Categoria Best Digital Print che considerazioni si sente di fare relativamente al premio, al settore del digitale e alle prospettive future per il settore?<\/strong><\/p>\n<p>Penso che in un un periodo contrassegnato da non poche difficolt\u00e0 \u00e8 importante sostenere con iniziative di vario genere l&#8217;imprenditoria che si distingue per la propria vitalit\u00e0. Kodak offre un portfolio di soluzioni modulari per gli stampatori interessati ad approcciare a vario titolo la stampa digitale<\/p>\n<p><strong>Kodak che tipo di prodotti offre al mercato nel settore Digital Print?<\/strong><\/p>\n<p>I sistemi inkjet KODAK PROSPER S-Series Imprinting, che comprendono i modelli S5, S10, S20 e S30, sono caratterizzati da una qualit\u00e0 di stampa eccellente che sovrastampa lavori stampati con altri processi, con diverse velocit\u00e0 e risoluzioni, offrendo un elevato livello di personalizzazione. Le teste S-Series si integrano facilmente nei processi di produzione esistenti, consentendo di sfruttare le nuove opportunit\u00e0 pubblicitarie con prodotti personalizzati e creare applicazioni di stampa ibride: immagini, codici a barre, lotterie, cartine stradali, codici QR. Con la possibilit\u00e0 di sovrastampare dati variabili su bobine prestampate, e anche quella di utilizzare la stampa monocromatica su carta bianca, la macchina da stampa KODAK PROSPER 1000 permette la produzione di comunicazioni di alto impatto senza rinunciare alla qualit\u00e0. Le soluzioni KODAK NEXPRESS con il quinto gruppo stampa producono stampati che luccicano, immagini a rilievo, o si pu\u00f2 scegliere di applicare una verniciatura localizzata,\u00a0 e anche la gamma cromatica si amplia: queste sono solo alcune delle possibilit\u00e0 offerte dal sistema di stampa digitale KODAK.<\/p>\n<p><strong>Ci pu\u00f2 elencare sotto forma di TAG ( parole chiave) come definirebbe la stampa digitale oggi?<\/strong><\/p>\n<ul>\n<li><em>Complementare<\/em> &#8211; Non \u00e8 detto che debba essere necessariamente un&#8217;alternativa al mondo offset.<\/li>\n<li><em>Integrativa<\/em> &#8211; Le soluzioni Kodak possono integrare gli stampati offset \/ stampa ibrida.<\/li>\n<li><em>Flessibile e scalabile<\/em> &#8211; Le soluzioni Kodak possono adattarsi a esigenze che mutano nel tempo senza necessit\u00e0 di rinnovare interamente l&#8217;attrezzatura.<\/li>\n<\/ul>\n<p><a href=\"http:\/\/www.kodak.com\"><em>www.kodak.com<\/em><\/a><\/p>\n<p><span style=\"color: #149ccc;\"><a href=\"https:\/\/www.digitaldocument.it\/index.php\/lavedovella-2013\/\"><span style=\"color: #149ccc;\">&gt;&gt;torna alla pagina principale<\/span><\/a><\/span><\/p>\n","protected":false},"excerpt":{"rendered":"<p>Intervista a Alfredo Lorenzini, Marketing Manager Commercial Business Mediterranean Cluster di Kodak, sul premio e sull&#8217;andamento del mercato. La Vedovella 2013 \u00e8 stato un evento di successo indiscusso. Come sponsor&hellip; <span class=\"read-more-span\"><a href=\"https:\/\/www.digitaldocument.it\/index.php\/lavedovella-2013\/la-stampa-digitale-di-domani-complementare-integrativa-flessibile\/\" class=\"more-link\">Continua a leggere<span class=\"screen-reader-text\"> &#8220;La stampa digitale di domani: complementare, integrativa, flessibile&#8221;<\/span> <span class=\"genericon genericon-next\" aria-hidden=\"true\"><\/span><\/a><\/span><\/p>\n","protected":false},"author":9,"featured_media":0,"parent":13092,"menu_order":0,"comment_status":"open","ping_status":"closed","template":"","meta":{"footnotes":""},"class_list":["post-13414","page","type-page","status-publish","hentry"],"_links":{"self":[{"href":"https:\/\/www.digitaldocument.it\/index.php\/wp-json\/wp\/v2\/pages\/13414","targetHints":{"allow":["GET"]}}],"collection":[{"href":"https:\/\/www.digitaldocument.it\/index.php\/wp-json\/wp\/v2\/pages"}],"about":[{"href":"https:\/\/www.digitaldocument.it\/index.php\/wp-json\/wp\/v2\/types\/page"}],"author":[{"embeddable":true,"href":"https:\/\/www.digitaldocument.it\/index.php\/wp-json\/wp\/v2\/users\/9"}],"replies":[{"embeddable":true,"href":"https:\/\/www.digitaldocument.it\/index.php\/wp-json\/wp\/v2\/comments?post=13414"}],"version-history":[{"count":0,"href":"https:\/\/www.digitaldocument.it\/index.php\/wp-json\/wp\/v2\/pages\/13414\/revisions"}],"up":[{"embeddable":true,"href":"https:\/\/www.digitaldocument.it\/index.php\/wp-json\/wp\/v2\/pages\/13092"}],"wp:attachment":[{"href":"https:\/\/www.digitaldocument.it\/index.php\/wp-json\/wp\/v2\/media?parent=13414"}],"curies":[{"name":"wp","href":"https:\/\/api.w.org\/{rel}","templated":true}]}}