{"id":13286,"date":"2014-01-24T14:05:06","date_gmt":"2014-01-24T13:05:06","guid":{"rendered":"https:\/\/www.digitaldocument.it\/?page_id=13286"},"modified":"2014-01-31T14:47:26","modified_gmt":"2014-01-31T13:47:26","slug":"clx-europe","status":"publish","type":"page","link":"https:\/\/www.digitaldocument.it\/index.php\/lavedovella-2013\/clx-europe\/","title":{"rendered":"CLX Europe"},"content":{"rendered":"<p style=\"text-align: center;\"><a href=\"https:\/\/www.digitaldocument.it\/wp-content\/uploads\/2014\/01\/CLX-Europe.jpg\"><img loading=\"lazy\" decoding=\"async\" class=\"aligncenter  wp-image-13435\" alt=\"CLX Europe\" src=\"https:\/\/www.digitaldocument.it\/wp-content\/uploads\/2014\/01\/CLX-Europe.jpg\" width=\"704\" height=\"307\" srcset=\"https:\/\/www.digitaldocument.it\/wp-content\/uploads\/2014\/01\/CLX-Europe.jpg 1005w, https:\/\/www.digitaldocument.it\/wp-content\/uploads\/2014\/01\/CLX-Europe-300x130.jpg 300w\" sizes=\"auto, (max-width: 704px) 100vw, 704px\" \/><\/a><\/p>\n<p style=\"text-align: left;\"><a href=\"https:\/\/www.digitaldocument.it\/wp-content\/uploads\/2014\/01\/Roberto-Antoniotti.jpg\"><img loading=\"lazy\" decoding=\"async\" class=\"alignleft size-full wp-image-13437\" style=\"margin-left: 5px; margin-right: 5px;\" alt=\"Roberto Antoniotti\" src=\"https:\/\/www.digitaldocument.it\/wp-content\/uploads\/2014\/01\/Roberto-Antoniotti.jpg\" width=\"315\" height=\"335\" srcset=\"https:\/\/www.digitaldocument.it\/wp-content\/uploads\/2014\/01\/Roberto-Antoniotti.jpg 315w, https:\/\/www.digitaldocument.it\/wp-content\/uploads\/2014\/01\/Roberto-Antoniotti-282x300.jpg 282w\" sizes=\"auto, (max-width: 315px) 100vw, 315px\" \/><\/a>Fondata nel 1970 a Verona, <strong>CLX Europe<\/strong>, in 40 anni, \u00e8 diventato un fornitore globale di soluzioni di comunicazione integrata. Con sede centrale in Italia dispone di filiali in Francia, Germania, Inghilterra, Cina e Thailandia.<\/p>\n<p>CLX Europe ha ricevuto il premio La Vedovella 2013 come <strong>Best Cross Media<\/strong> per la sua capacit\u00e0 di integrare tutti i mezzi di comunicazione per far arrivare la voce del cliente all\u2019utente finale, studiando soluzioni finalizzate alla stampa, ai media convenzionali e ai pi\u00f9 innovativi servizi digitali.<\/p>\n<p><strong>Roberto Antoniotti<\/strong>, Amministratore Delegato di CLX Europe ci spiega in sintesi quali sono gli aspetti fondamentali che contraddistinguono CLX, classificata come azienda che batte la crisi. \u201c<i>Le crisi sono momenti di gradi cambiamenti e quindi di opportunit\u00e0. Ed \u00e8 questa la strada che CLX ha intrapreso da anni basando la propria strategia di innovazione su tre pilastri fondamentali: innovazione, focalizzazione e velocit\u00e0. Innovazione equivale alla ricerca della tecnologia migliore. Essere focalizzati significa invece concentrarsi su quello che si sa fare investendo l\u00ec tutte le energie. La velocit\u00e0 \u00e8 un requisito che ci chiede il mercato, cercando per\u00f2 di preservare sempre la qualit\u00e0 e la cura del particolare<\/i>.\u201d<\/p>\n<p><span style=\"color: #149ccc;\"><a href=\"https:\/\/www.digitaldocument.it\/index.php\/lavedovella-2013\/\"><span style=\"color: #149ccc;\">&gt;&gt;torna alla pagina principale<\/span><\/a><\/span><\/p>\n","protected":false},"excerpt":{"rendered":"<p>Fondata nel 1970 a Verona, CLX Europe, in 40 anni, \u00e8 diventato un fornitore globale di soluzioni di comunicazione integrata. Con sede centrale in Italia dispone di filiali in Francia,&hellip; <span class=\"read-more-span\"><a href=\"https:\/\/www.digitaldocument.it\/index.php\/lavedovella-2013\/clx-europe\/\" class=\"more-link\">Continua a leggere<span class=\"screen-reader-text\"> &#8220;CLX Europe&#8221;<\/span> <span class=\"genericon genericon-next\" aria-hidden=\"true\"><\/span><\/a><\/span><\/p>\n","protected":false},"author":9,"featured_media":0,"parent":13092,"menu_order":0,"comment_status":"open","ping_status":"closed","template":"","meta":{"footnotes":""},"class_list":["post-13286","page","type-page","status-publish","hentry"],"_links":{"self":[{"href":"https:\/\/www.digitaldocument.it\/index.php\/wp-json\/wp\/v2\/pages\/13286","targetHints":{"allow":["GET"]}}],"collection":[{"href":"https:\/\/www.digitaldocument.it\/index.php\/wp-json\/wp\/v2\/pages"}],"about":[{"href":"https:\/\/www.digitaldocument.it\/index.php\/wp-json\/wp\/v2\/types\/page"}],"author":[{"embeddable":true,"href":"https:\/\/www.digitaldocument.it\/index.php\/wp-json\/wp\/v2\/users\/9"}],"replies":[{"embeddable":true,"href":"https:\/\/www.digitaldocument.it\/index.php\/wp-json\/wp\/v2\/comments?post=13286"}],"version-history":[{"count":0,"href":"https:\/\/www.digitaldocument.it\/index.php\/wp-json\/wp\/v2\/pages\/13286\/revisions"}],"up":[{"embeddable":true,"href":"https:\/\/www.digitaldocument.it\/index.php\/wp-json\/wp\/v2\/pages\/13092"}],"wp:attachment":[{"href":"https:\/\/www.digitaldocument.it\/index.php\/wp-json\/wp\/v2\/media?parent=13286"}],"curies":[{"name":"wp","href":"https:\/\/api.w.org\/{rel}","templated":true}]}}