{"id":13277,"date":"2014-01-24T12:48:35","date_gmt":"2014-01-24T11:48:35","guid":{"rendered":"https:\/\/www.digitaldocument.it\/?page_id=13277"},"modified":"2014-01-31T14:53:39","modified_gmt":"2014-01-31T13:53:39","slug":"lucaprint-group","status":"publish","type":"page","link":"https:\/\/www.digitaldocument.it\/index.php\/lavedovella-2013\/lucaprint-group\/","title":{"rendered":"Lucaprint Group"},"content":{"rendered":"<p style=\"text-align: center;\"><a href=\"https:\/\/www.digitaldocument.it\/wp-content\/uploads\/2014\/01\/Lucaprint-Group.jpg\"><img loading=\"lazy\" decoding=\"async\" class=\"aligncenter  wp-image-13443\" alt=\"Lucaprint Group\" src=\"https:\/\/www.digitaldocument.it\/wp-content\/uploads\/2014\/01\/Lucaprint-Group.jpg\" width=\"704\" height=\"307\" srcset=\"https:\/\/www.digitaldocument.it\/wp-content\/uploads\/2014\/01\/Lucaprint-Group.jpg 1005w, https:\/\/www.digitaldocument.it\/wp-content\/uploads\/2014\/01\/Lucaprint-Group-300x130.jpg 300w\" sizes=\"auto, (max-width: 704px) 100vw, 704px\" \/><\/a><\/p>\n<p><a href=\"https:\/\/www.digitaldocument.it\/wp-content\/uploads\/2014\/01\/Alberto-Luca.jpg\"><img loading=\"lazy\" decoding=\"async\" class=\"alignleft size-full wp-image-13444\" style=\"margin-left: 5px; margin-right: 5px;\" alt=\"Alberto Luca\" src=\"https:\/\/www.digitaldocument.it\/wp-content\/uploads\/2014\/01\/Alberto-Luca.jpg\" width=\"315\" height=\"335\" srcset=\"https:\/\/www.digitaldocument.it\/wp-content\/uploads\/2014\/01\/Alberto-Luca.jpg 315w, https:\/\/www.digitaldocument.it\/wp-content\/uploads\/2014\/01\/Alberto-Luca-282x300.jpg 282w\" sizes=\"auto, (max-width: 315px) 100vw, 315px\" \/><\/a>Con una storia che affonda le proprie radici in 60 anni di attivit\u00e0 <b>Lucaprint Group<\/b> offre una soluzione completa e integrata nel settore <b>grafico e cartotecnico<\/b>: dalla progettazione e produzione di <b>packaging a soluzioni innovative per il punto vendita<\/b>.<\/p>\n<p>L\u2019azienda Lucaprint \u00e8 stata premiata nel corso dell\u2019ultima edizione de \u201c<b>La Vedovella<\/b>\u201d \u2013 gli Oscar della Stampa \u2013 come miglior azienda cartotecnica dell\u2019anno 2013. Le ragioni del premio che la Giuria di esperti ha deciso di conferire all\u2019azienda di Vicenza risiedono nella capacit\u00e0 intrinseca al gruppo di aver saputo, in questi anni di crisi importanti, sviluppare una strategia di sviluppo basata su: la crescita per vie esterne con una serie di <b>acquisizioni<\/b>, l\u2019implementazioni di nuovi <b>modelli produttivi<\/b> ( come ad esempio l\u2019approccio della lean manufacturing), la revisione delle <b>strategie commerciali<\/b> basate sul cliente.<\/p>\n<p>\u201c<i>Questi elementi, uniti ad una forte propensione all\u2019internazionalizzazione hanno permesso a Lucaprint di raggiungere in pochi anni una quota di <b>export del 40%<\/b><\/i> &#8211; ha spiegato <strong>Alberto Luca<\/strong>, Amministratore delegato di Lucaprint. <i>Il packaging<\/i> \u2013 prosegue \u2013 <i>\u00e8 un settore che sta diventando sempre pi\u00f9 un supporto tangibile che, grazie alle nuove tecnologie come il <b>QR Code e la Realt\u00e0 Aumentata<\/b>, fornisce indicazioni aggiuntive virtuali. In questo senso sar\u00e0 l\u2019integrazione tra mondo online e mondo offline la chiave del successo e come gruppo saremo pronti a integrarci alle evoluzioni tecnologiche e a nuove soluzioni di marketing per il punto vendita<\/i>\u201d.<\/p>\n<p><span style=\"color: #149ccc;\"><a href=\"https:\/\/www.digitaldocument.it\/index.php\/lavedovella-2013\/\"><span style=\"color: #149ccc;\">&gt;&gt;torna alla pagina principale<\/span><\/a><\/span><\/p>\n","protected":false},"excerpt":{"rendered":"<p>Con una storia che affonda le proprie radici in 60 anni di attivit\u00e0 Lucaprint Group offre una soluzione completa e integrata nel settore grafico e cartotecnico: dalla progettazione e produzione&hellip; <span class=\"read-more-span\"><a href=\"https:\/\/www.digitaldocument.it\/index.php\/lavedovella-2013\/lucaprint-group\/\" class=\"more-link\">Continua a leggere<span class=\"screen-reader-text\"> &#8220;Lucaprint Group&#8221;<\/span> <span class=\"genericon genericon-next\" aria-hidden=\"true\"><\/span><\/a><\/span><\/p>\n","protected":false},"author":9,"featured_media":0,"parent":13092,"menu_order":0,"comment_status":"open","ping_status":"closed","template":"","meta":{"footnotes":""},"class_list":["post-13277","page","type-page","status-publish","hentry"],"_links":{"self":[{"href":"https:\/\/www.digitaldocument.it\/index.php\/wp-json\/wp\/v2\/pages\/13277","targetHints":{"allow":["GET"]}}],"collection":[{"href":"https:\/\/www.digitaldocument.it\/index.php\/wp-json\/wp\/v2\/pages"}],"about":[{"href":"https:\/\/www.digitaldocument.it\/index.php\/wp-json\/wp\/v2\/types\/page"}],"author":[{"embeddable":true,"href":"https:\/\/www.digitaldocument.it\/index.php\/wp-json\/wp\/v2\/users\/9"}],"replies":[{"embeddable":true,"href":"https:\/\/www.digitaldocument.it\/index.php\/wp-json\/wp\/v2\/comments?post=13277"}],"version-history":[{"count":0,"href":"https:\/\/www.digitaldocument.it\/index.php\/wp-json\/wp\/v2\/pages\/13277\/revisions"}],"up":[{"embeddable":true,"href":"https:\/\/www.digitaldocument.it\/index.php\/wp-json\/wp\/v2\/pages\/13092"}],"wp:attachment":[{"href":"https:\/\/www.digitaldocument.it\/index.php\/wp-json\/wp\/v2\/media?parent=13277"}],"curies":[{"name":"wp","href":"https:\/\/api.w.org\/{rel}","templated":true}]}}